{"id":192,"date":"2023-12-17T22:11:21","date_gmt":"2023-12-17T21:11:21","guid":{"rendered":"https:\/\/photos-events.fr\/?page_id=192"},"modified":"2023-12-17T22:33:54","modified_gmt":"2023-12-17T21:33:54","slug":"galerie-2","status":"publish","type":"page","link":"https:\/\/photos-events.fr\/?page_id=192","title":{"rendered":"Galerie"},"content":{"rendered":"<p>[et_pb_section fb_built=&#8221;1&#8243; specialty=&#8221;on&#8221; padding_top_2=&#8221;90px&#8221; padding_top_bottom_link_2=&#8221;false&#8221; padding_left_right_link_2=&#8221;false&#8221; padding_2_tablet=&#8221;0px||||false|false&#8221; padding_2_phone=&#8221;0px||||false|false&#8221; padding_2_last_edited=&#8221;on|desktop&#8221; admin_label=&#8221;Features&#8221; _builder_version=&#8221;4.20.0&#8243; _module_preset=&#8221;default&#8221; background_color=&#8221;gcid-9fa4a1b6-767d-41ca-984c-a6f10449c843&#8243; collapsed=&#8221;on&#8221; global_colors_info=&#8221;{%22gcid-9fa4a1b6-767d-41ca-984c-a6f10449c843%22:%91%22background_color%22%93}&#8221; theme_builder_area=&#8221;post_content&#8221;][et_pb_column type=&#8221;1_2&#8243; specialty_columns=&#8221;2&#8243; _builder_version=&#8221;4.16&#8243; _module_preset=&#8221;default&#8221; custom_padding=&#8221;|||&#8221; global_colors_info=&#8221;{}&#8221; custom_padding__hover=&#8221;|||&#8221; theme_builder_area=&#8221;post_content&#8221;][et_pb_row_inner column_structure=&#8221;1_2,1_2&#8243; use_custom_gutter=&#8221;on&#8221; gutter_width=&#8221;1&#8243; _builder_version=&#8221;4.20.0&#8243; _module_preset=&#8221;default&#8221; global_colors_info=&#8221;{}&#8221; theme_builder_area=&#8221;post_content&#8221;][et_pb_column_inner type=&#8221;1_2&#8243; saved_specialty_column_type=&#8221;1_2&#8243; _builder_version=&#8221;4.20.0&#8243; _module_preset=&#8221;default&#8221; custom_padding=&#8221;60px||||false|false&#8221; custom_padding_tablet=&#8221;60px||||false|false&#8221; custom_padding_phone=&#8221;0px||||false|false&#8221; custom_padding_last_edited=&#8221;on|desktop&#8221; global_colors_info=&#8221;{}&#8221; theme_builder_area=&#8221;post_content&#8221;][et_pb_image src=&#8221;http:\/\/photos-events.fr\/wp-content\/uploads\/2023\/12\/IMG_5330-1.webp&#8221; title_text=&#8221;IMG_5330&#8243; _builder_version=&#8221;4.23.1&#8243; _module_preset=&#8221;default&#8221; global_colors_info=&#8221;{}&#8221; theme_builder_area=&#8221;post_content&#8221;][\/et_pb_image][\/et_pb_column_inner][et_pb_column_inner type=&#8221;1_2&#8243; saved_specialty_column_type=&#8221;1_2&#8243; _builder_version=&#8221;4.20.0&#8243; _module_preset=&#8221;default&#8221; global_colors_info=&#8221;{}&#8221; theme_builder_area=&#8221;post_content&#8221;][et_pb_image src=&#8221;http:\/\/photos-events.fr\/wp-content\/uploads\/2023\/12\/IMG_5338.webp&#8221; title_text=&#8221;IMG_5338&#8243; _builder_version=&#8221;4.23.1&#8243; _module_preset=&#8221;default&#8221; locked=&#8221;off&#8221; global_colors_info=&#8221;{}&#8221; theme_builder_area=&#8221;post_content&#8221;][\/et_pb_image][\/et_pb_column_inner][\/et_pb_row_inner][\/et_pb_column][et_pb_column type=&#8221;1_2&#8243; _builder_version=&#8221;4.16&#8243; _module_preset=&#8221;default&#8221; custom_padding=&#8221;|||&#8221; global_colors_info=&#8221;{}&#8221; custom_padding__hover=&#8221;|||&#8221; theme_builder_area=&#8221;post_content&#8221;][et_pb_text _builder_version=&#8221;4.20.0&#8243; _module_preset=&#8221;ace8e6f7-539f-4a6b-9123-f01c3b378686&#8243; global_colors_info=&#8221;{%22gcid-11d3dbbb-f6dc-4fb8-929b-9d6994368d00%22:%91%22header_2_text_color%22%93}&#8221; theme_builder_area=&#8221;post_content&#8221;]<\/p>\n<h2>fotoshare cloud<\/h2>\n<p>[\/et_pb_text][et_pb_image src=&#8221;http:\/\/photos-events.fr\/wp-content\/uploads\/2023\/12\/attorney-1.png&#8221; title_text=&#8221;attorney-1&#8243; _builder_version=&#8221;4.20.0&#8243; _module_preset=&#8221;default&#8221; max_width=&#8221;65px&#8221; global_colors_info=&#8221;{}&#8221; theme_builder_area=&#8221;post_content&#8221;][\/et_pb_image][et_pb_text _builder_version=&#8221;4.20.0&#8243; _module_preset=&#8221;b13ced08-ef68-4281-b068-dfff9dcdda1e&#8221; text_text_color=&#8221;#FFFFFF&#8221; global_colors_info=&#8221;{}&#8221; theme_builder_area=&#8221;post_content&#8221;]<\/p>\n<p>Avec notre service &#8220;Fotoshare Cloud&#8221;, nous vous offrons une exp\u00e9rience unique pour partager et conserver vos souvenirs d&#8217;\u00e9v\u00e9nements de mani\u00e8re pratique et s\u00e9curis\u00e9e.<\/p>\n<p>Une fois que les photos de l&#8217;\u00e9v\u00e9nement sont prises, elles sont automatiquement transf\u00e9r\u00e9es sur notre cloud d\u00e9di\u00e9. L&#8217;acc\u00e8s \u00e0 cet espace est prot\u00e9g\u00e9 par un code d&#8217;acc\u00e8s, garantissant que seules les personnes concern\u00e9es par l&#8217;\u00e9v\u00e9nement puissent visualiser, t\u00e9l\u00e9charger et sauvegarder leurs pr\u00e9cieuses photos. Cela assure une confidentialit\u00e9 totale et une exp\u00e9rience personnalis\u00e9e pour tous les participants.<\/p>\n<p>Cependant, afin de garantir la protection des donn\u00e9es et de l&#8217;espace de stockage, veuillez noter que les photos sont automatiquement supprim\u00e9es du site apr\u00e8s une p\u00e9riode de 3 mois. Nous vous encourageons donc \u00e0 profiter de ces souvenirs et \u00e0 les sauvegarder pendant cette p\u00e9riode.<\/p>\n<p>[\/et_pb_text][\/et_pb_column][\/et_pb_section][et_pb_section fb_built=&#8221;1&#8243; theme_builder_area=&#8221;post_content&#8221; _builder_version=&#8221;4.23.1&#8243; _module_preset=&#8221;default&#8221;][et_pb_row _builder_version=&#8221;4.23.1&#8243; _module_preset=&#8221;default&#8221; column_structure=&#8221;1_3,1_3,1_3&#8243; theme_builder_area=&#8221;post_content&#8221;][et_pb_column _builder_version=&#8221;4.23.1&#8243; _module_preset=&#8221;default&#8221; type=&#8221;1_3&#8243; theme_builder_area=&#8221;post_content&#8221;][et_pb_text _builder_version=&#8221;4.23.1&#8243; _module_preset=&#8221;default&#8221; theme_builder_area=&#8221;post_content&#8221; hover_enabled=&#8221;0&#8243; sticky_enabled=&#8221;0&#8243;]<\/p>\n<p><em><span style=\"text-decoration: underline;\"><strong>Comment fonctionne t-il ?<\/strong><\/span><\/em><\/p>\n<p>[\/et_pb_text][\/et_pb_column][et_pb_column _builder_version=&#8221;4.23.1&#8243; _module_preset=&#8221;default&#8221; type=&#8221;1_3&#8243; theme_builder_area=&#8221;post_content&#8221;][et_pb_text _builder_version=&#8221;4.23.1&#8243; _module_preset=&#8221;default&#8221; theme_builder_area=&#8221;post_content&#8221; hover_enabled=&#8221;0&#8243; sticky_enabled=&#8221;0&#8243;]<\/p>\n<p>Dans les jours qui suivent, vous recevrez un lien vers notre Fotoshare Cloud par e-mail. Cliquez sur ce lien pour d\u00e9couvrir votre galerie photo d\u00e9di\u00e9e.<\/p>\n<p>Afin de garantir la s\u00e9curit\u00e9 de vos pr\u00e9cieux souvenirs, un code d&#8217;acc\u00e8s unique accompagnera le lien dans le m\u00eame e-mail. Lorsque vous atteindrez votre album photo en ligne, veuillez saisir ce code pour d\u00e9verrouiller l&#8217;acc\u00e8s \u00e0 toutes vos images captur\u00e9es pendant l&#8217;\u00e9v\u00e9nement.<\/p>\n<p>[\/et_pb_text][\/et_pb_column][et_pb_column _builder_version=&#8221;4.23.1&#8243; _module_preset=&#8221;default&#8221; type=&#8221;1_3&#8243; theme_builder_area=&#8221;post_content&#8221;][et_pb_text _builder_version=&#8221;4.23.1&#8243; _module_preset=&#8221;default&#8221; theme_builder_area=&#8221;post_content&#8221; hover_enabled=&#8221;0&#8243; sticky_enabled=&#8221;0&#8243;]<\/p>\n<p>Veuillez noter que notre Fotoshare Cloud est une plateforme temporaire. Votre album photo restera disponible seulement pendant quelques mois avant d&#8217;\u00eatre automatiquement supprim\u00e9. Nous vous encourageons donc \u00e0 t\u00e9l\u00e9charger vos photos d\u00e8s que possible afin de pr\u00e9server ces moments uniques.<\/p>\n<p>Nous esp\u00e9rons que cette exp\u00e9rience photographique a ajout\u00e9 une touche sp\u00e9ciale \u00e0 votre \u00e9v\u00e9nement, et que vous appr\u00e9cierez la facilit\u00e9 d&#8217;acc\u00e8s \u00e0 vos souvenirs via notre Fotoshare Cloud.<\/p>\n<p>[\/et_pb_text][\/et_pb_column][\/et_pb_row][\/et_pb_section]<\/p>\n","protected":false},"excerpt":{"rendered":"<p>fotoshare cloudAvec notre service &#8220;Fotoshare Cloud&#8221;, nous vous offrons une exp\u00e9rience unique pour partager et conserver vos souvenirs d&#8217;\u00e9v\u00e9nements de mani\u00e8re pratique et s\u00e9curis\u00e9e. Une fois que les photos de l&#8217;\u00e9v\u00e9nement sont prises, elles sont automatiquement transf\u00e9r\u00e9es sur notre cloud d\u00e9di\u00e9. L&#8217;acc\u00e8s \u00e0 cet espace est prot\u00e9g\u00e9 par un code d&#8217;acc\u00e8s, garantissant que seules les [&hellip;]<\/p>\n","protected":false},"author":1,"featured_media":0,"parent":0,"menu_order":0,"comment_status":"closed","ping_status":"closed","template":"","meta":{"_et_pb_use_builder":"on","_et_pb_old_content":"<!-- wp:divi\/placeholder \/-->","_et_gb_content_width":"","footnotes":""},"class_list":["post-192","page","type-page","status-publish","hentry"],"_links":{"self":[{"href":"https:\/\/photos-events.fr\/index.php?rest_route=\/wp\/v2\/pages\/192","targetHints":{"allow":["GET"]}}],"collection":[{"href":"https:\/\/photos-events.fr\/index.php?rest_route=\/wp\/v2\/pages"}],"about":[{"href":"https:\/\/photos-events.fr\/index.php?rest_route=\/wp\/v2\/types\/page"}],"author":[{"embeddable":true,"href":"https:\/\/photos-events.fr\/index.php?rest_route=\/wp\/v2\/users\/1"}],"replies":[{"embeddable":true,"href":"https:\/\/photos-events.fr\/index.php?rest_route=%2Fwp%2Fv2%2Fcomments&post=192"}],"version-history":[{"count":3,"href":"https:\/\/photos-events.fr\/index.php?rest_route=\/wp\/v2\/pages\/192\/revisions"}],"predecessor-version":[{"id":196,"href":"https:\/\/photos-events.fr\/index.php?rest_route=\/wp\/v2\/pages\/192\/revisions\/196"}],"wp:attachment":[{"href":"https:\/\/photos-events.fr\/index.php?rest_route=%2Fwp%2Fv2%2Fmedia&parent=192"}],"curies":[{"name":"wp","href":"https:\/\/api.w.org\/{rel}","templated":true}]}}